{"id":1563,"date":"2024-07-04T15:55:30","date_gmt":"2024-07-04T13:55:30","guid":{"rendered":"https:\/\/dandybathrooms.nl\/?post_type=product&#038;p=1563"},"modified":"2024-07-04T15:55:30","modified_gmt":"2024-07-04T13:55:30","slug":"looox-ceramic-terrazzo-waskom-keramiek-o40cm-zwart","status":"publish","type":"product","link":"https:\/\/dandybathrooms.nl\/nl\/product\/looox-ceramic-terrazzo-waskom-keramiek-o40cm-zwart\/","title":{"rendered":"LoooX Ceramic Terrazzo waskom keramiek \u00d840cm Zwart"},"content":{"rendered":"<p><strong>* Klantbeoordelingen 8\/9<br \/>\n* Gratis verzending v.a. \u20ac 250,00 (NL)<br \/>\n* 30 dagen bedenktijd<br \/>\n* Standaard fabrieksgarantie<br \/>\n* Persoonlijke service<br \/>\n* 1 Showroom<\/strong><\/p>\n<p>Stijlvolle LoooX Ceramic Terrazzo waskom van keramiek \u00d840 cm in Zwart.<\/p>\n<h3>Belangrijkste kenmerken<\/h3>\n<p>Afmeting waskom\u00a0 \u00a0: H 15\u00a0cm \/ Diameter 40 cm<br \/>\nAfmeting afvoergat : 4,5 cm<br \/>\nMateriaal\u00a0 \u00a0 \u00a0 \u00a0 \u00a0 \u00a0 \u00a0 \u00a0 : Keramiek<br \/>\nKleur\u00a0 \u00a0 \u00a0 \u00a0 \u00a0 \u00a0 \u00a0 \u00a0 \u00a0 \u00a0 \u00a0 : Zwart<br \/>\nVorm\u00a0 \u00a0 \u00a0 \u00a0 \u00a0 \u00a0 \u00a0 \u00a0 \u00a0 \u00a0 \u00a0 : Rond<\/p>\n<p><a href=\"https:\/\/www.dandybadkamers.nl\/sanitair\/waskommen#starter\" target=\"_blank\" rel=\"noopener\">Klik voor meer Looox waskommen<\/a><\/p>\n<h3>Toebehoren<\/h3>\n<p>Er zit geen overloopgat in de wastafel\/fontein verwerkt, waardoor je een strakker geheel krijgt.\u00a0Geschikt voor plaatsing op een onderkast. Let hierbij goed op de maatvoeringen en uitsparingen. De waskom wordt geleverd zonder: plug, sifon, bevestigingsmateriaal en kraan. Beschikbaar in Grijs, Beige en\u00a0Zwart. Zie onder de categorie &#8221; Sanitair &#8211; Waskommen&#8221;.<\/p>\n<h3>Looox Ceramic Terrazzo<\/h3>\n<p>Deze Ceramic Terrazzo is een combinatie van functionaliteit en design. De stijlvolle filterdunne keramische waskom van LoooX is onderdeel van de Sink Collection.<\/p>\n<p>Terrazzo is een begrip in de woonwereld. De oorsprong hiervan ligt in Itali\u00eb, waar materialen als zand, cement en natuursteenkorrels werden vermengd tot \u00e9\u00e9n mengsel. Hierdoor ontstaat er een speels patroon. Inmiddels vind je deze look regelmatig terug in bijvoorbeeld vloeren en keukenbladen. Met de introductie van deze nieuwe waskom is de stijl nu ook door te voeren in de badkamer. Daarnaast zijn\u00a0flinterdunne\u00a0randen een\u00a0gewild item voor in de badkamer.<\/p>\n","protected":false},"excerpt":{"rendered":"<p>* Klantbeoordelingen 8\/9 * Gratis verzending v.a. \u20ac 250,00 (NL) * 30 dagen bedenktijd * Standaard fabrieksgarantie * Persoonlijke service * 1 Showroom Stijlvolle LoooX Ceramic Terrazzo waskom van keramiek \u00d840 cm in Zwart. Belangrijkste kenmerken Afmeting waskom\u00a0 \u00a0: H 15\u00a0cm \/ Diameter 40 cm Afmeting afvoergat : 4,5 cm Materiaal\u00a0 \u00a0 \u00a0 \u00a0 \u00a0 [&hellip;]<\/p>\n","protected":false},"featured_media":1564,"template":"","meta":{"_acf_changed":false},"product_brand":[],"product_cat":[50],"product_tag":[],"class_list":{"0":"post-1563","1":"product","2":"type-product","3":"status-publish","4":"has-post-thumbnail","6":"product_cat-looox","8":"first","9":"instock","10":"taxable","11":"shipping-taxable","12":"purchasable","13":"product-type-simple"},"acf":[],"_links":{"self":[{"href":"https:\/\/dandybathrooms.nl\/nl\/wp-json\/wp\/v2\/product\/1563","targetHints":{"allow":["GET"]}}],"collection":[{"href":"https:\/\/dandybathrooms.nl\/nl\/wp-json\/wp\/v2\/product"}],"about":[{"href":"https:\/\/dandybathrooms.nl\/nl\/wp-json\/wp\/v2\/types\/product"}],"wp:featuredmedia":[{"embeddable":true,"href":"https:\/\/dandybathrooms.nl\/nl\/wp-json\/wp\/v2\/media\/1564"}],"wp:attachment":[{"href":"https:\/\/dandybathrooms.nl\/nl\/wp-json\/wp\/v2\/media?parent=1563"}],"wp:term":[{"taxonomy":"product_brand","embeddable":true,"href":"https:\/\/dandybathrooms.nl\/nl\/wp-json\/wp\/v2\/product_brand?post=1563"},{"taxonomy":"product_cat","embeddable":true,"href":"https:\/\/dandybathrooms.nl\/nl\/wp-json\/wp\/v2\/product_cat?post=1563"},{"taxonomy":"product_tag","embeddable":true,"href":"https:\/\/dandybathrooms.nl\/nl\/wp-json\/wp\/v2\/product_tag?post=1563"}],"curies":[{"name":"wp","href":"https:\/\/api.w.org\/{rel}","templated":true}]}}